{"id":11,"date":"2023-12-13T20:42:50","date_gmt":"2023-12-13T19:42:50","guid":{"rendered":"https:\/\/bougieluna.com\/?page_id=11"},"modified":"2024-02-04T20:13:15","modified_gmt":"2024-02-04T19:13:15","slug":"mon-histoire","status":"publish","type":"page","link":"https:\/\/bougieluna.com\/index.php\/mon-histoire\/","title":{"rendered":"Mon histoire"},"content":{"rendered":"\t\t<div data-elementor-type=\"wp-page\" data-elementor-id=\"11\" class=\"elementor elementor-11\" data-elementor-post-type=\"page\">\n\t\t\t\t<div class=\"elementor-element elementor-element-3602727 e-flex e-con-boxed e-con e-parent\" data-id=\"3602727\" data-element_type=\"container\">\n\t\t\t\t\t<div class=\"e-con-inner\">\n\t\t\t\t<div class=\"elementor-element elementor-element-79e2923 elementor-widget elementor-widget-spacer\" data-id=\"79e2923\" data-element_type=\"widget\" data-widget_type=\"spacer.default\">\n\t\t\t\t<div class=\"elementor-widget-container\">\n\t\t\t<style>\/*! elementor - v3.22.0 - 17-06-2024 *\/\n.elementor-column .elementor-spacer-inner{height:var(--spacer-size)}.e-con{--container-widget-width:100%}.e-con-inner>.elementor-widget-spacer,.e-con>.elementor-widget-spacer{width:var(--container-widget-width,var(--spacer-size));--align-self:var(--container-widget-align-self,initial);--flex-shrink:0}.e-con-inner>.elementor-widget-spacer>.elementor-widget-container,.e-con>.elementor-widget-spacer>.elementor-widget-container{height:100%;width:100%}.e-con-inner>.elementor-widget-spacer>.elementor-widget-container>.elementor-spacer,.e-con>.elementor-widget-spacer>.elementor-widget-container>.elementor-spacer{height:100%}.e-con-inner>.elementor-widget-spacer>.elementor-widget-container>.elementor-spacer>.elementor-spacer-inner,.e-con>.elementor-widget-spacer>.elementor-widget-container>.elementor-spacer>.elementor-spacer-inner{height:var(--container-widget-height,var(--spacer-size))}.e-con-inner>.elementor-widget-spacer.elementor-widget-empty,.e-con>.elementor-widget-spacer.elementor-widget-empty{position:relative;min-height:22px;min-width:22px}.e-con-inner>.elementor-widget-spacer.elementor-widget-empty .elementor-widget-empty-icon,.e-con>.elementor-widget-spacer.elementor-widget-empty .elementor-widget-empty-icon{position:absolute;top:0;bottom:0;left:0;right:0;margin:auto;padding:0;width:22px;height:22px}<\/style>\t\t<div class=\"elementor-spacer\">\n\t\t\t<div class=\"elementor-spacer-inner\"><\/div>\n\t\t<\/div>\n\t\t\t\t<\/div>\n\t\t\t\t<\/div>\n\t\t\t\t\t<\/div>\n\t\t\t\t<\/div>\n\t\t<div class=\"elementor-element elementor-element-e29a6f e-con-full e-flex e-con e-parent\" data-id=\"e29a6f\" data-element_type=\"container\">\n\t\t<div class=\"elementor-element elementor-element-131f2c8f e-con-full e-flex e-con e-child\" data-id=\"131f2c8f\" data-element_type=\"container\">\n\t\t\t\t<div class=\"elementor-element elementor-element-37a7fe63 elementor-widget__width-inherit elementor-widget-mobile__width-inherit elementor-widget elementor-widget-image-box\" data-id=\"37a7fe63\" data-element_type=\"widget\" data-widget_type=\"image-box.default\">\n\t\t\t\t<div class=\"elementor-widget-container\">\n\t\t\t<style>\/*! elementor - v3.22.0 - 17-06-2024 *\/\n.elementor-widget-image-box .elementor-image-box-content{width:100%}@media (min-width:768px){.elementor-widget-image-box.elementor-position-left .elementor-image-box-wrapper,.elementor-widget-image-box.elementor-position-right .elementor-image-box-wrapper{display:flex}.elementor-widget-image-box.elementor-position-right .elementor-image-box-wrapper{text-align:end;flex-direction:row-reverse}.elementor-widget-image-box.elementor-position-left .elementor-image-box-wrapper{text-align:start;flex-direction:row}.elementor-widget-image-box.elementor-position-top .elementor-image-box-img{margin:auto}.elementor-widget-image-box.elementor-vertical-align-top .elementor-image-box-wrapper{align-items:flex-start}.elementor-widget-image-box.elementor-vertical-align-middle .elementor-image-box-wrapper{align-items:center}.elementor-widget-image-box.elementor-vertical-align-bottom .elementor-image-box-wrapper{align-items:flex-end}}@media (max-width:767px){.elementor-widget-image-box .elementor-image-box-img{margin-left:auto!important;margin-right:auto!important;margin-bottom:15px}}.elementor-widget-image-box .elementor-image-box-img{display:inline-block}.elementor-widget-image-box .elementor-image-box-title a{color:inherit}.elementor-widget-image-box .elementor-image-box-wrapper{text-align:center}.elementor-widget-image-box .elementor-image-box-description{margin:0}<\/style><div class=\"elementor-image-box-wrapper\"><div class=\"elementor-image-box-content\"><h3 class=\"elementor-image-box-title\">Mon aventure..<\/h3><p class=\"elementor-image-box-description\">\n\n\nLa marque Luna, n\u00e9e en 2021 en r\u00e9gion parisienne, raconte\nl'histoire d'une jeune femme passionn\u00e9e par les voyages\n, les d\u00e9couvertes et la \ncr\u00e9ation, le tout fa\u00e7onn\u00e9 \u00e0 la main.\n\n\n\nLes bougies deviennent une source d'inspiration,\nconfectionn\u00e9es avec ambition, uniquement dans son atelier.\n\n\n\n\n\n\n\nLuna, dans son espace cr\u00e9atif, imagine et r\u00e9alise des bougies\nartisanales aux fragrances inspir\u00e9es de ses voyages, orn\u00e9es de\nfleurs s\u00e9ch\u00e9es et de pierres de lithoth\u00e9rapie, \u00e9voluant au gr\u00e9 des saisons.<\/p><\/div><\/div>\t\t<\/div>\n\t\t\t\t<\/div>\n\t\t\t\t<\/div>\n\t\t<div class=\"elementor-element elementor-element-d13a046 e-con-full e-flex e-con e-child\" data-id=\"d13a046\" data-element_type=\"container\">\n\t\t\t\t<div class=\"elementor-element elementor-element-7ee6f835 elementor-widget__width-initial elementor-widget-tablet__width-inherit elementor-widget-mobile__width-inherit elementor-position-top elementor-widget elementor-widget-image-box\" data-id=\"7ee6f835\" data-element_type=\"widget\" data-widget_type=\"image-box.default\">\n\t\t\t\t<div class=\"elementor-widget-container\">\n\t\t\t<div class=\"elementor-image-box-wrapper\"><figure class=\"elementor-image-box-img\"><img fetchpriority=\"high\" decoding=\"async\" width=\"1380\" height=\"1380\" src=\"https:\/\/bougieluna.com\/wp-content\/uploads\/2024\/02\/fabrication-bougie.jpeg\" class=\"attachment-full size-full wp-image-514\" alt=\"\" srcset=\"https:\/\/bougieluna.com\/wp-content\/uploads\/2024\/02\/fabrication-bougie.jpeg 1380w, https:\/\/bougieluna.com\/wp-content\/uploads\/2024\/02\/fabrication-bougie-300x300.jpeg 300w, https:\/\/bougieluna.com\/wp-content\/uploads\/2024\/02\/fabrication-bougie-1024x1024.jpeg 1024w, https:\/\/bougieluna.com\/wp-content\/uploads\/2024\/02\/fabrication-bougie-150x150.jpeg 150w, https:\/\/bougieluna.com\/wp-content\/uploads\/2024\/02\/fabrication-bougie-768x768.jpeg 768w, https:\/\/bougieluna.com\/wp-content\/uploads\/2024\/02\/fabrication-bougie-600x600.jpeg 600w, https:\/\/bougieluna.com\/wp-content\/uploads\/2024\/02\/fabrication-bougie-100x100.jpeg 100w\" sizes=\"(max-width: 1380px) 100vw, 1380px\" \/><\/figure><div class=\"elementor-image-box-content\"><p class=\"elementor-image-box-description\">\n\n\nChaque bougie est coul\u00e9e dans des r\u00e9cipients atypiques, des cr\u00e9ations\n en c\u00e9ramique et terre, ou des contenants recycl\u00e9s et r\u00e9utilisables,\nsoigneusement choisis dans l'\u00e9ventail fertile de son imagination.<\/p><\/div><\/div>\t\t<\/div>\n\t\t\t\t<\/div>\n\t\t\t\t<\/div>\n\t\t\t\t<\/div>\n\t\t<div class=\"elementor-element elementor-element-274edfe3 e-con-full e-flex e-con e-parent\" data-id=\"274edfe3\" data-element_type=\"container\" data-settings=\"{&quot;background_background&quot;:&quot;classic&quot;}\">\n\t\t\t\t<div class=\"elementor-element elementor-element-2e57436b elementor-widget__width-initial elementor-widget-mobile__width-inherit elementor-widget elementor-widget-image-box\" data-id=\"2e57436b\" data-element_type=\"widget\" data-widget_type=\"image-box.default\">\n\t\t\t\t<div class=\"elementor-widget-container\">\n\t\t\t<div class=\"elementor-image-box-wrapper\"><div class=\"elementor-image-box-content\"><h3 class=\"elementor-image-box-title\">L'aventure<\/h3><p class=\"elementor-image-box-description\">Il \u00e9tait une fois, une petite bougie artisanale fabriqu\u00e9e \u00e0 la\nmain par une passionn\u00e9e de bougies et de d\u00e9coration, Luna.<\/p><\/div><\/div>\t\t<\/div>\n\t\t\t\t<\/div>\n\t\t<div class=\"elementor-element elementor-element-2220ec7c e-con-full e-flex e-con e-child\" data-id=\"2220ec7c\" data-element_type=\"container\">\n\t\t\t\t<div class=\"elementor-element elementor-element-37bf6ca2 elementor-cta--layout-image-above elementor-widget__width-initial elementor-widget-tablet__width-initial elementor-widget-mobile__width-inherit elementor-cta--skin-classic elementor-animated-content elementor-bg-transform elementor-bg-transform-zoom-in elementor-widget elementor-widget-call-to-action\" data-id=\"37bf6ca2\" data-element_type=\"widget\" data-widget_type=\"call-to-action.default\">\n\t\t\t\t<div class=\"elementor-widget-container\">\n\t\t\t<link rel=\"stylesheet\" href=\"https:\/\/bougieluna.com\/wp-content\/plugins\/elementor-pro\/assets\/css\/widget-call-to-action.min.css\">\t\t<div class=\"elementor-cta\">\n\t\t\t\t\t<div class=\"elementor-cta__bg-wrapper\">\n\t\t\t\t<div class=\"elementor-cta__bg elementor-bg\" style=\"background-image: url(https:\/\/bougieluna.com\/wp-content\/uploads\/2024\/02\/IMG_7276.jpeg);\" role=\"img\" aria-label=\"Laboratoire Bougie luna\"><\/div>\n\t\t\t\t<div class=\"elementor-cta__bg-overlay\"><\/div>\n\t\t\t<\/div>\n\t\t\t\t\t\t\t<div class=\"elementor-cta__content\">\n\t\t\t\t\n\t\t\t\t\t\t\t\t\t<h2 class=\"elementor-cta__title elementor-cta__content-item elementor-content-item\">\n\t\t\t\t\t\tLuna\t\t\t\t\t<\/h2>\n\t\t\t\t\n\t\t\t\t\t\t\t\t\t<div class=\"elementor-cta__description elementor-cta__content-item elementor-content-item\">\n\t\t\t\t\t\tCr\u00e9atrice le bougie artisanale, ma passion pour la d\u00e9coration et la fabrication s'exprime \u00e0 travers chaque cr\u00e9ation. Utilisant des produits naturels, je mets tout mon c\u0153ur dans l'art de concevoir des bougies uniques. \n\n\nIlluminez votre espace avec mes cr\u00e9ations .\t\t\t\t\t<\/div>\n\t\t\t\t\n\t\t\t\t\t\t\t<\/div>\n\t\t\t\t\t\t<\/div>\n\t\t\t\t<\/div>\n\t\t\t\t<\/div>\n\t\t\t\t<div class=\"elementor-element elementor-element-1ad14e23 elementor-cta--layout-image-above elementor-widget__width-initial elementor-widget-tablet__width-initial elementor-widget-mobile__width-inherit elementor-cta--skin-classic elementor-animated-content elementor-bg-transform elementor-bg-transform-zoom-in elementor-widget elementor-widget-call-to-action\" data-id=\"1ad14e23\" data-element_type=\"widget\" data-widget_type=\"call-to-action.default\">\n\t\t\t\t<div class=\"elementor-widget-container\">\n\t\t\t\t\t<div class=\"elementor-cta\">\n\t\t\t\t\t<div class=\"elementor-cta__bg-wrapper\">\n\t\t\t\t<div class=\"elementor-cta__bg elementor-bg\" style=\"background-image: url(https:\/\/bougieluna.com\/wp-content\/uploads\/2024\/02\/Capture-decran-2024-02-01-a-23.29.09-1024x843.jpeg);\" role=\"img\" aria-label=\"atelielr bougie luna\"><\/div>\n\t\t\t\t<div class=\"elementor-cta__bg-overlay\"><\/div>\n\t\t\t<\/div>\n\t\t\t\t\t\t\t<div class=\"elementor-cta__content\">\n\t\t\t\t\n\t\t\t\t\t\t\t\t\t<h2 class=\"elementor-cta__title elementor-cta__content-item elementor-content-item\">\n\t\t\t\t\t\tLe savoir-faire\t\t\t\t\t<\/h2>\n\t\t\t\t\n\t\t\t\t\t\t\t\t\t<div class=\"elementor-cta__description elementor-cta__content-item elementor-content-item\">\n\t\t\t\t\t\tMes bougies avec des fleurs s\u00e9ch\u00e9es et stabilis\u00e9es, d\u00e9licatement parfum\u00e9es, sont uniques et faites \u00e0 la main.\nCoul\u00e9es, avec de la cire de soja, elles sont 100 % naturelles et n\u2019\u00e9mettent pas de substances toxiques ou polluantes pendant leur combustion.\nLes parfums proviennent de Grasse, et sont garantis sans substances CMR, (substance canc\u00e9rig\u00e8ne, mutag\u00e8ne et reprotoxiques).\nElle est 100% v\u00e9g\u00e9tale, biod\u00e9gradable et v\u00e9gan.\nUne fois la bougie consum\u00e9e, les pots se passent sous l\u2019eau chaude et se nettoient facilement pour une nouvelle vie !\n\t\t\t\t\t<\/div>\n\t\t\t\t\n\t\t\t\t\t\t\t<\/div>\n\t\t\t\t\t\t<\/div>\n\t\t\t\t<\/div>\n\t\t\t\t<\/div>\n\t\t\t\t<div class=\"elementor-element elementor-element-7b37a330 elementor-cta--layout-image-above elementor-widget__width-initial elementor-widget-tablet__width-initial elementor-widget-mobile__width-inherit elementor-cta--valign-top elementor-cta--skin-classic elementor-animated-content elementor-bg-transform elementor-bg-transform-zoom-in elementor-widget elementor-widget-call-to-action\" data-id=\"7b37a330\" data-element_type=\"widget\" data-widget_type=\"call-to-action.default\">\n\t\t\t\t<div class=\"elementor-widget-container\">\n\t\t\t\t\t<div class=\"elementor-cta\">\n\t\t\t\t\t<div class=\"elementor-cta__bg-wrapper\">\n\t\t\t\t<div class=\"elementor-cta__bg elementor-bg\" style=\"background-image: url(https:\/\/bougieluna.com\/wp-content\/uploads\/2024\/02\/Image-1-1024x1024.jpeg);\" role=\"img\" aria-label=\"fabrication bougie luna\"><\/div>\n\t\t\t\t<div class=\"elementor-cta__bg-overlay\"><\/div>\n\t\t\t<\/div>\n\t\t\t\t\t\t\t<div class=\"elementor-cta__content\">\n\t\t\t\t\n\t\t\t\t\t\t\t\t\t<h2 class=\"elementor-cta__title elementor-cta__content-item elementor-content-item\">\n\t\t\t\t\t\tFait maison\t\t\t\t\t<\/h2>\n\t\t\t\t\n\t\t\t\t\t\t\t\t\t<div class=\"elementor-cta__description elementor-cta__content-item elementor-content-item\">\n\t\t\t\t\t\tLe travail de Luna est enti\u00e8rement artisanal, fa\u00e7onn\u00e9 \u00e0 la main, du d\u00e9but \u00e0 la fin, sans exception.\nSes cr\u00e9ations et inspirations sont m\u00e9ticuleusement r\u00e9unies en\ncollections distinctes.\nLes produits utilis\u00e9s sont singuliers et reconnaissables, avec des fleurs choisies selon la saison, des contenants   vari\u00e9s, et des asp\u00e9rit\u00e9s changeantes, cr\u00e9ant ainsi des pi\u00e8ces uniques en leur genre.\n\t\t\t\t\t<\/div>\n\t\t\t\t\n\t\t\t\t\t\t\t<\/div>\n\t\t\t\t\t\t<\/div>\n\t\t\t\t<\/div>\n\t\t\t\t<\/div>\n\t\t\t\t<\/div>\n\t\t\t\t<\/div>\n\t\t<div class=\"elementor-element elementor-element-607a10b8 e-con-full e-flex e-con e-parent\" data-id=\"607a10b8\" data-element_type=\"container\">\n\t\t<div class=\"elementor-element elementor-element-63e63f03 e-con-full e-flex e-con e-child\" data-id=\"63e63f03\" data-element_type=\"container\">\n\t\t\t\t<div class=\"elementor-element elementor-element-5e372392 elementor-widget__width-inherit elementor-widget-mobile__width-inherit elementor-widget elementor-widget-image-box\" data-id=\"5e372392\" data-element_type=\"widget\" data-widget_type=\"image-box.default\">\n\t\t\t\t<div class=\"elementor-widget-container\">\n\t\t\t<div class=\"elementor-image-box-wrapper\"><div class=\"elementor-image-box-content\"><h3 class=\"elementor-image-box-title\">L'aventure...<\/h3><p class=\"elementor-image-box-description\">Les bougies artisanales sont des cr\u00e9ations uniques fabriqu\u00e9es \u00e0 la main avec des\nmat\u00e9riaux de qualit\u00e9 sup\u00e9rieure et des techniques traditionnelles.\nContrairement aux bougies de fabrication industrielle, les bougies artisanales offrent une\nexp\u00e9rience sensorielle riche et agr\u00e9able.\nEn tant qu 'artisan, je cr\u00e9e des bougies artisanales en utilisant  diff\u00e9rents types de cire,\ntels que la cire d'abeille, la cire de soja, la cire de colza et la cire d'olivier.\nJ\u2019y ajoute des parfums naturels, des fleurs s\u00e9ch\u00e9es, parfois des pierres, des paillettes biod\u00e9gradables et des colorants pour \npour cr\u00e9er des bougies parfum\u00e9es ou d\u00e9coratives.\nLes techniques de fabrication varient en fonction de mes pr\u00e9f\u00e9rences et peuvent inclure\nle moulage, le coulage \u00e0 la main ou le modelage \u00e0 la cire.\n<\/p><\/div><\/div>\t\t<\/div>\n\t\t\t\t<\/div>\n\t\t\t\t<\/div>\n\t\t<div class=\"elementor-element elementor-element-27ab1db6 e-con-full e-flex e-con e-child\" data-id=\"27ab1db6\" data-element_type=\"container\">\n\t\t\t\t<div class=\"elementor-element elementor-element-51830322 elementor-widget__width-initial elementor-widget-tablet__width-inherit elementor-widget-mobile__width-inherit elementor-position-top elementor-widget elementor-widget-image-box\" data-id=\"51830322\" data-element_type=\"widget\" data-widget_type=\"image-box.default\">\n\t\t\t\t<div class=\"elementor-widget-container\">\n\t\t\t<div class=\"elementor-image-box-wrapper\"><figure class=\"elementor-image-box-img\"><img decoding=\"async\" width=\"612\" height=\"408\" src=\"https:\/\/bougieluna.com\/wp-content\/uploads\/2024\/02\/IMG_7273.jpeg\" class=\"attachment-full size-full wp-image-789\" alt=\"\" srcset=\"https:\/\/bougieluna.com\/wp-content\/uploads\/2024\/02\/IMG_7273.jpeg 612w, https:\/\/bougieluna.com\/wp-content\/uploads\/2024\/02\/IMG_7273-300x200.jpeg 300w, https:\/\/bougieluna.com\/wp-content\/uploads\/2024\/02\/IMG_7273-600x400.jpeg 600w\" sizes=\"(max-width: 612px) 100vw, 612px\" \/><\/figure><div class=\"elementor-image-box-content\"><p class=\"elementor-image-box-description\">\n\n\nMes bougies artisanales sont consid\u00e9r\u00e9es comme des cadeaux sp\u00e9ciaux en raison du\nsoin et de l'\nattention aux d\u00e9tails apport\u00e9s \u00e0 leur fabrication.\nDe plus, elles peuvent offrir des avantages pour la sant\u00e9 en fonction des mat\u00e9riaux\nutilis\u00e9s. En choisissant d'\nacheter mes bougies artisanales, mes clients soutiennent les\nartisans locaux et encouragent la pr\u00e9servation des techniques artisanales traditionnelles.<\/p><\/div><\/div>\t\t<\/div>\n\t\t\t\t<\/div>\n\t\t\t\t<\/div>\n\t\t\t\t<\/div>\n\t\t\t\t<\/div>\n\t\t","protected":false},"excerpt":{"rendered":"<p>Mon aventure.. La marque Luna, n\u00e9e en 2021 en r\u00e9gion parisienne, raconte l&rsquo;histoire d&rsquo;une jeune femme passionn\u00e9e par les voyages , les d\u00e9couvertes et la cr\u00e9ation, le tout fa\u00e7onn\u00e9 \u00e0 la main. Les bougies deviennent une source d&rsquo;inspiration, confectionn\u00e9es avec ambition, uniquement dans son atelier. Luna, dans son espace cr\u00e9atif, imagine et r\u00e9alise des bougies [&hellip;]<\/p>\n","protected":false},"author":1,"featured_media":0,"parent":0,"menu_order":0,"comment_status":"closed","ping_status":"closed","template":"","meta":{"ocean_post_layout":"","ocean_both_sidebars_style":"","ocean_both_sidebars_content_width":0,"ocean_both_sidebars_sidebars_width":0,"ocean_sidebar":"","ocean_second_sidebar":"","ocean_disable_margins":"enable","ocean_add_body_class":"","ocean_shortcode_before_top_bar":"","ocean_shortcode_after_top_bar":"","ocean_shortcode_before_header":"","ocean_shortcode_after_header":"","ocean_has_shortcode":"","ocean_shortcode_after_title":"","ocean_shortcode_before_footer_widgets":"","ocean_shortcode_after_footer_widgets":"","ocean_shortcode_before_footer_bottom":"","ocean_shortcode_after_footer_bottom":"","ocean_display_top_bar":"default","ocean_display_header":"default","ocean_header_style":"","ocean_center_header_left_menu":"","ocean_custom_header_template":"","ocean_custom_logo":0,"ocean_custom_retina_logo":0,"ocean_custom_logo_max_width":0,"ocean_custom_logo_tablet_max_width":0,"ocean_custom_logo_mobile_max_width":0,"ocean_custom_logo_max_height":0,"ocean_custom_logo_tablet_max_height":0,"ocean_custom_logo_mobile_max_height":0,"ocean_header_custom_menu":"","ocean_menu_typo_font_family":"","ocean_menu_typo_font_subset":"","ocean_menu_typo_font_size":0,"ocean_menu_typo_font_size_tablet":0,"ocean_menu_typo_font_size_mobile":0,"ocean_menu_typo_font_size_unit":"px","ocean_menu_typo_font_weight":"","ocean_menu_typo_font_weight_tablet":"","ocean_menu_typo_font_weight_mobile":"","ocean_menu_typo_transform":"","ocean_menu_typo_transform_tablet":"","ocean_menu_typo_transform_mobile":"","ocean_menu_typo_line_height":0,"ocean_menu_typo_line_height_tablet":0,"ocean_menu_typo_line_height_mobile":0,"ocean_menu_typo_line_height_unit":"","ocean_menu_typo_spacing":0,"ocean_menu_typo_spacing_tablet":0,"ocean_menu_typo_spacing_mobile":0,"ocean_menu_typo_spacing_unit":"","ocean_menu_link_color":"","ocean_menu_link_color_hover":"","ocean_menu_link_color_active":"","ocean_menu_link_background":"","ocean_menu_link_hover_background":"","ocean_menu_link_active_background":"","ocean_menu_social_links_bg":"","ocean_menu_social_hover_links_bg":"","ocean_menu_social_links_color":"","ocean_menu_social_hover_links_color":"","ocean_disable_title":"default","ocean_disable_heading":"default","ocean_post_title":"","ocean_post_subheading":"","ocean_post_title_style":"","ocean_post_title_background_color":"","ocean_post_title_background":0,"ocean_post_title_bg_image_position":"","ocean_post_title_bg_image_attachment":"","ocean_post_title_bg_image_repeat":"","ocean_post_title_bg_image_size":"","ocean_post_title_height":0,"ocean_post_title_bg_overlay":0.5,"ocean_post_title_bg_overlay_color":"","ocean_disable_breadcrumbs":"default","ocean_breadcrumbs_color":"","ocean_breadcrumbs_separator_color":"","ocean_breadcrumbs_links_color":"","ocean_breadcrumbs_links_hover_color":"","ocean_display_footer_widgets":"default","ocean_display_footer_bottom":"default","ocean_custom_footer_template":"","footnotes":""},"class_list":["post-11","page","type-page","status-publish","hentry","entry","owp-thumbs-layout-horizontal","owp-btn-normal","owp-tabs-layout-horizontal","has-no-thumbnails","has-product-nav"],"_links":{"self":[{"href":"https:\/\/bougieluna.com\/index.php\/wp-json\/wp\/v2\/pages\/11","targetHints":{"allow":["GET"]}}],"collection":[{"href":"https:\/\/bougieluna.com\/index.php\/wp-json\/wp\/v2\/pages"}],"about":[{"href":"https:\/\/bougieluna.com\/index.php\/wp-json\/wp\/v2\/types\/page"}],"author":[{"embeddable":true,"href":"https:\/\/bougieluna.com\/index.php\/wp-json\/wp\/v2\/users\/1"}],"replies":[{"embeddable":true,"href":"https:\/\/bougieluna.com\/index.php\/wp-json\/wp\/v2\/comments?post=11"}],"version-history":[{"count":151,"href":"https:\/\/bougieluna.com\/index.php\/wp-json\/wp\/v2\/pages\/11\/revisions"}],"predecessor-version":[{"id":1206,"href":"https:\/\/bougieluna.com\/index.php\/wp-json\/wp\/v2\/pages\/11\/revisions\/1206"}],"wp:attachment":[{"href":"https:\/\/bougieluna.com\/index.php\/wp-json\/wp\/v2\/media?parent=11"}],"curies":[{"name":"wp","href":"https:\/\/api.w.org\/{rel}","templated":true}]}}