{"id":1491,"date":"2024-06-20T20:16:21","date_gmt":"2024-06-20T18:16:21","guid":{"rendered":"https:\/\/bougieluna.com\/?post_type=product&#038;p=1491"},"modified":"2024-06-20T23:21:25","modified_gmt":"2024-06-20T21:21:25","slug":"bougie-ceramique-taille-m","status":"publish","type":"product","link":"https:\/\/bougieluna.com\/index.php\/produit\/bougie-ceramique-taille-m\/","title":{"rendered":"Bougie C\u00e9ramique &#8211; Taille M"},"content":{"rendered":"<p>&nbsp;<\/p>\n<p style=\"text-align: left;\"><strong>Fabrication artisanale du contenant <\/strong><strong>, se d\u00e9cline en deux tailles .<\/strong><\/p>\n<p><strong>Taille M : 12cm de diam\u00e8tre<\/strong><\/p>\n<p>Taille L :<\/p>\n<p><strong>La cire<\/strong><\/p>\n<p>Les bougies <strong>LUNA<\/strong>\u00a0sont fabriqu\u00e9es exclusivement \u00e0 base\u00a0de cire de soja.<br \/>\nLa cire de soja est produite sans OGM, sans pesticides ni herbicides.<\/p>\n<p>Elle est\u00a0<strong>100% v\u00e9g\u00e9tale, biod\u00e9gradable et v\u00e9gan.<\/strong><\/p>\n<p>Les huiles parfum\u00e9esLes huiles parfum\u00e9es que nous proposons sont soigneusement s\u00e9lectionn\u00e9es. Nous travaillons uniquement avec des fournisseurs de confiance afin de vous garantir des produits de qualit\u00e9. Tous les parfums respectent scrupuleusement les normes europ\u00e9ennes et fran\u00e7aises, notamment celles de l&rsquo;IFRA.<\/p>\n<p>Nos parfums sont fabriqu\u00e9s par des ma\u00eetres parfumeurs \u00e0 Grasse, <strong>la Capitale\u00a0 fran\u00e7aise du parfum.<\/strong><\/p>\n<p style=\"text-align: left;\">\n","protected":false},"excerpt":{"rendered":"<p>Bougie artisanale en cire de Soja, parfum\u00e9e<\/p>\n<p>Boutons de roses<\/p>\n","protected":false},"featured_media":1277,"comment_status":"open","ping_status":"closed","template":"","meta":{"ocean_post_layout":"","ocean_both_sidebars_style":"","ocean_both_sidebars_content_width":0,"ocean_both_sidebars_sidebars_width":0,"ocean_sidebar":"0","ocean_second_sidebar":"0","ocean_disable_margins":"enable","ocean_add_body_class":"","ocean_shortcode_before_top_bar":"","ocean_shortcode_after_top_bar":"","ocean_shortcode_before_header":"","ocean_shortcode_after_header":"","ocean_has_shortcode":"","ocean_shortcode_after_title":"","ocean_shortcode_before_footer_widgets":"","ocean_shortcode_after_footer_widgets":"","ocean_shortcode_before_footer_bottom":"","ocean_shortcode_after_footer_bottom":"","ocean_display_top_bar":"default","ocean_display_header":"default","ocean_header_style":"","ocean_center_header_left_menu":"0","ocean_custom_header_template":"0","ocean_custom_logo":0,"ocean_custom_retina_logo":0,"ocean_custom_logo_max_width":0,"ocean_custom_logo_tablet_max_width":0,"ocean_custom_logo_mobile_max_width":0,"ocean_custom_logo_max_height":0,"ocean_custom_logo_tablet_max_height":0,"ocean_custom_logo_mobile_max_height":0,"ocean_header_custom_menu":"0","ocean_menu_typo_font_family":"0","ocean_menu_typo_font_subset":"","ocean_menu_typo_font_size":0,"ocean_menu_typo_font_size_tablet":0,"ocean_menu_typo_font_size_mobile":0,"ocean_menu_typo_font_size_unit":"px","ocean_menu_typo_font_weight":"","ocean_menu_typo_font_weight_tablet":"","ocean_menu_typo_font_weight_mobile":"","ocean_menu_typo_transform":"","ocean_menu_typo_transform_tablet":"","ocean_menu_typo_transform_mobile":"","ocean_menu_typo_line_height":0,"ocean_menu_typo_line_height_tablet":0,"ocean_menu_typo_line_height_mobile":0,"ocean_menu_typo_line_height_unit":"","ocean_menu_typo_spacing":0,"ocean_menu_typo_spacing_tablet":0,"ocean_menu_typo_spacing_mobile":0,"ocean_menu_typo_spacing_unit":"","ocean_menu_link_color":"","ocean_menu_link_color_hover":"","ocean_menu_link_color_active":"","ocean_menu_link_background":"","ocean_menu_link_hover_background":"","ocean_menu_link_active_background":"","ocean_menu_social_links_bg":"","ocean_menu_social_hover_links_bg":"","ocean_menu_social_links_color":"","ocean_menu_social_hover_links_color":"","ocean_disable_title":"default","ocean_disable_heading":"default","ocean_post_title":"","ocean_post_subheading":"","ocean_post_title_style":"","ocean_post_title_background_color":"","ocean_post_title_background":0,"ocean_post_title_bg_image_position":"","ocean_post_title_bg_image_attachment":"","ocean_post_title_bg_image_repeat":"","ocean_post_title_bg_image_size":"","ocean_post_title_height":0,"ocean_post_title_bg_overlay":0.5,"ocean_post_title_bg_overlay_color":"","ocean_disable_breadcrumbs":"default","ocean_breadcrumbs_color":"","ocean_breadcrumbs_separator_color":"","ocean_breadcrumbs_links_color":"","ocean_breadcrumbs_links_hover_color":"","ocean_display_footer_widgets":"default","ocean_display_footer_bottom":"default","ocean_custom_footer_template":"0"},"product_cat":[21,34,35,47],"product_tag":[],"class_list":{"0":"post-1491","1":"product","2":"type-product","3":"status-publish","4":"has-post-thumbnail","6":"product_cat-bougie-botanique","7":"product_cat-bougie-ceramique","8":"product_cat-bougie-eclats","9":"product_cat-bougie-vaisselle-chines","11":"entry","12":"has-media","14":"first","15":"instock","16":"taxable","17":"shipping-taxable","18":"purchasable","19":"product-type-variable","20":"has-product-nav","21":"col","22":"span_1_of_3","23":"owp-content-center","24":"owp-thumbs-layout-horizontal","25":"owp-btn-normal","26":"owp-tabs-layout-horizontal"},"_links":{"self":[{"href":"https:\/\/bougieluna.com\/index.php\/wp-json\/wp\/v2\/product\/1491","targetHints":{"allow":["GET"]}}],"collection":[{"href":"https:\/\/bougieluna.com\/index.php\/wp-json\/wp\/v2\/product"}],"about":[{"href":"https:\/\/bougieluna.com\/index.php\/wp-json\/wp\/v2\/types\/product"}],"replies":[{"embeddable":true,"href":"https:\/\/bougieluna.com\/index.php\/wp-json\/wp\/v2\/comments?post=1491"}],"wp:featuredmedia":[{"embeddable":true,"href":"https:\/\/bougieluna.com\/index.php\/wp-json\/wp\/v2\/media\/1277"}],"wp:attachment":[{"href":"https:\/\/bougieluna.com\/index.php\/wp-json\/wp\/v2\/media?parent=1491"}],"wp:term":[{"taxonomy":"product_cat","embeddable":true,"href":"https:\/\/bougieluna.com\/index.php\/wp-json\/wp\/v2\/product_cat?post=1491"},{"taxonomy":"product_tag","embeddable":true,"href":"https:\/\/bougieluna.com\/index.php\/wp-json\/wp\/v2\/product_tag?post=1491"}],"curies":[{"name":"wp","href":"https:\/\/api.w.org\/{rel}","templated":true}]}}